{"id":3912,"date":"2023-11-30T18:48:29","date_gmt":"2023-11-30T21:48:29","guid":{"rendered":"https:\/\/kunzli.com.br\/?page_id=3912"},"modified":"2024-10-18T12:19:20","modified_gmt":"2024-10-18T15:19:20","slug":"home","status":"publish","type":"page","link":"https:\/\/kunzli.com.br\/en\/","title":{"rendered":"Home"},"content":{"rendered":"<div data-elementor-type=\"wp-page\" data-elementor-id=\"3912\" class=\"elementor elementor-3912\" data-elementor-post-type=\"page\">\n\t\t\t\t<div class=\"elementor-element elementor-element-b2ded3f e-flex e-con-boxed e-con e-parent\" data-id=\"b2ded3f\" data-element_type=\"container\" data-settings=\"{&quot;background_background&quot;:&quot;classic&quot;}\">\n\t\t\t\t\t<div class=\"e-con-inner\">\n\t\t\t\t<div class=\"elementor-element elementor-element-68661d4 elementor-widget elementor-widget-heading\" data-id=\"68661d4\" data-element_type=\"widget\" data-widget_type=\"heading.default\">\n\t\t\t\t<div class=\"elementor-widget-container\">\n\t\t\t\t\t<h2 class=\"elementor-heading-title elementor-size-default\">Welcome to K\u00fcnzli Advogados<\/h2>\t\t\t\t<\/div>\n\t\t\t\t<\/div>\n\t\t\t\t<div class=\"elementor-element elementor-element-cb85869 wpr-fancy-text-zoom wpr-advanced-text-style-animated wpr-animated-text-infinite-yes elementor-widget elementor-widget-wpr-advanced-text\" data-id=\"cb85869\" data-element_type=\"widget\" data-settings=\"{&quot;anim_loop&quot;:&quot;yes&quot;}\" data-widget_type=\"wpr-advanced-text.default\">\n\t\t\t\t<div class=\"elementor-widget-container\">\n\t\t\t\t\t\n\t\t<h1 class=\"wpr-advanced-text\">\n\n\t\t\t\t\t\n\t\t\t\n\t\t<span class=\"wpr-anim-text wpr-anim-text-type-zoom\" data-anim-duration=\"1200,5000\" data-anim-loop=\"yes\">\n\t\t\t<span class=\"wpr-anim-text-inner\">\n\t\t\t\t\t\t\t\t\t<b>Defending Rights.<\/b>\n\t\t\t\t\t\t\t\t\t<b>Defending Rights.<\/b>\n\t\t\t\t\t\t\t<\/span>\n\t\t\t\t\t<\/span>\n\n\t\t\t\t\n\t\t<\/h1>\n\t\t\n\t\t\t\t\t\t<\/div>\n\t\t\t\t<\/div>\n\t\t\t\t<div class=\"elementor-element elementor-element-e412d7f wpr-fancy-text-zoom wpr-advanced-text-style-animated wpr-animated-text-infinite-yes elementor-widget elementor-widget-wpr-advanced-text\" data-id=\"e412d7f\" data-element_type=\"widget\" data-settings=\"{&quot;anim_loop&quot;:&quot;yes&quot;}\" data-widget_type=\"wpr-advanced-text.default\">\n\t\t\t\t<div class=\"elementor-widget-container\">\n\t\t\t\t\t\n\t\t<h1 class=\"wpr-advanced-text\">\n\n\t\t\t\t\t\n\t\t\t\n\t\t<span class=\"wpr-anim-text wpr-anim-text-type-zoom\" data-anim-duration=\"1200,5000\" data-anim-loop=\"yes\">\n\t\t\t<span class=\"wpr-anim-text-inner\">\n\t\t\t\t\t\t\t\t\t<b>Crafting Solutions.<\/b>\n\t\t\t\t\t\t\t\t\t<b>Crafting Solutions.<\/b>\n\t\t\t\t\t\t\t<\/span>\n\t\t\t\t\t<\/span>\n\n\t\t\t\t\n\t\t<\/h1>\n\t\t\n\t\t\t\t\t\t<\/div>\n\t\t\t\t<\/div>\n\t\t\t\t<div class=\"elementor-element elementor-element-2542909 elementor-widget-divider--view-line elementor-widget elementor-widget-divider\" data-id=\"2542909\" data-element_type=\"widget\" data-widget_type=\"divider.default\">\n\t\t\t\t<div class=\"elementor-widget-container\">\n\t\t\t\t\t\t\t<div class=\"elementor-divider\">\n\t\t\t<span class=\"elementor-divider-separator\">\n\t\t\t\t\t\t<\/span>\n\t\t<\/div>\n\t\t\t\t\t\t<\/div>\n\t\t\t\t<\/div>\n\t\t\t\t\t<\/div>\n\t\t\t\t<\/div>\n\t\t<div class=\"elementor-element elementor-element-8eaa1e4 e-flex e-con-boxed e-con e-parent\" data-id=\"8eaa1e4\" data-element_type=\"container\" id=\"empresa\" data-settings=\"{&quot;background_background&quot;:&quot;classic&quot;}\">\n\t\t\t\t\t<div class=\"e-con-inner\">\n\t\t<div class=\"elementor-element elementor-element-9ff01e2 e-con-full e-flex e-con e-child\" data-id=\"9ff01e2\" data-element_type=\"container\">\n\t\t\t\t<div class=\"elementor-element elementor-element-97169a3 elementor-widget elementor-widget-heading\" data-id=\"97169a3\" data-element_type=\"widget\" data-widget_type=\"heading.default\">\n\t\t\t\t<div class=\"elementor-widget-container\">\n\t\t\t\t\t<h2 class=\"elementor-heading-title elementor-size-default\">K\u00fcnzli Advogados <\/h2>\t\t\t\t<\/div>\n\t\t\t\t<\/div>\n\t\t\t\t<div class=\"elementor-element elementor-element-fa2a3b0 elementor-widget elementor-widget-heading\" data-id=\"fa2a3b0\" data-element_type=\"widget\" data-widget_type=\"heading.default\">\n\t\t\t\t<div class=\"elementor-widget-container\">\n\t\t\t\t\t<h2 class=\"elementor-heading-title elementor-size-default\">About Us<\/h2>\t\t\t\t<\/div>\n\t\t\t\t<\/div>\n\t\t\t\t<div class=\"elementor-element elementor-element-b0c92a7 elementor-widget-divider--view-line elementor-widget elementor-widget-divider\" data-id=\"b0c92a7\" data-element_type=\"widget\" data-widget_type=\"divider.default\">\n\t\t\t\t<div class=\"elementor-widget-container\">\n\t\t\t\t\t\t\t<div class=\"elementor-divider\">\n\t\t\t<span class=\"elementor-divider-separator\">\n\t\t\t\t\t\t<\/span>\n\t\t<\/div>\n\t\t\t\t\t\t<\/div>\n\t\t\t\t<\/div>\n\t\t\t\t<div class=\"elementor-element elementor-element-e2254fa elementor-hidden-desktop elementor-widget elementor-widget-image\" data-id=\"e2254fa\" data-element_type=\"widget\" data-widget_type=\"image.default\">\n\t\t\t\t<div class=\"elementor-widget-container\">\n\t\t\t\t\t\t\t\t\t\t\t\t\t\t\t<img fetchpriority=\"high\" decoding=\"async\" width=\"720\" height=\"586\" src=\"https:\/\/kunzli.com.br\/wp-content\/uploads\/2023\/12\/cartao-kunzli.jpg\" class=\"attachment-large size-large wp-image-3970\" alt=\"\" srcset=\"https:\/\/kunzli.com.br\/wp-content\/uploads\/2023\/12\/cartao-kunzli.jpg 720w, https:\/\/kunzli.com.br\/wp-content\/uploads\/2023\/12\/cartao-kunzli-300x244.jpg 300w\" sizes=\"(max-width: 720px) 100vw, 720px\" \/>\t\t\t\t\t\t\t\t\t\t\t\t\t\t\t<\/div>\n\t\t\t\t<\/div>\n\t\t\t\t<div class=\"elementor-element elementor-element-baaa73a elementor-widget elementor-widget-text-editor\" data-id=\"baaa73a\" data-element_type=\"widget\" data-widget_type=\"text-editor.default\">\n\t\t\t\t<div class=\"elementor-widget-container\">\n\t\t\t\t\t\t\t\t\t<p class=\"p1 translation-block\">At <strong>K\u00fcnzli Advogados<\/strong>, our primary mission is to provide specialized legal counsel through private enforcement actions, concentrating on halting competition and other violations against our clients, while also ensuring compensation for the damages they have suffered. Furthermore, we specialize in supporting companies of various sizes in navigating corporate and real estate transactions with tailored expertise.<\/p><p class=\"p1\">Our firm stemmed from the collaboration of legal professionals driven by a profound sense of justice and a dedication to advancing responsible governance, environmental sustainability, and social accountability.<\/p><p class=\"p1\">Drawing from extensive expertise within the legal realms of major corporations, our attorneys possess a keen understanding of our clients' enterprises and goals. This perspective allows us to navigate legal complexities while remaining steadfastly aligned with the values and social responsibilities that underpin our practice.<\/p>\t\t\t\t\t\t\t\t<\/div>\n\t\t\t\t<\/div>\n\t\t\t\t<\/div>\n\t\t<div class=\"elementor-element elementor-element-fa1f91e e-con-full elementor-hidden-tablet elementor-hidden-mobile e-flex e-con e-child\" data-id=\"fa1f91e\" data-element_type=\"container\">\n\t\t\t\t<div class=\"elementor-element elementor-element-9a300ea elementor-widget elementor-widget-image\" data-id=\"9a300ea\" data-element_type=\"widget\" data-widget_type=\"image.default\">\n\t\t\t\t<div class=\"elementor-widget-container\">\n\t\t\t\t\t\t\t\t\t\t\t\t\t\t\t<img fetchpriority=\"high\" decoding=\"async\" width=\"720\" height=\"586\" src=\"https:\/\/kunzli.com.br\/wp-content\/uploads\/2023\/12\/cartao-kunzli.jpg\" class=\"attachment-large size-large wp-image-3970\" alt=\"\" srcset=\"https:\/\/kunzli.com.br\/wp-content\/uploads\/2023\/12\/cartao-kunzli.jpg 720w, https:\/\/kunzli.com.br\/wp-content\/uploads\/2023\/12\/cartao-kunzli-300x244.jpg 300w\" sizes=\"(max-width: 720px) 100vw, 720px\" \/>\t\t\t\t\t\t\t\t\t\t\t\t\t\t\t<\/div>\n\t\t\t\t<\/div>\n\t\t\t\t<\/div>\n\t\t\t\t\t<\/div>\n\t\t\t\t<\/div>\n\t\t<div class=\"elementor-element elementor-element-0f087b0 e-flex e-con-boxed e-con e-parent\" data-id=\"0f087b0\" data-element_type=\"container\" id=\"areas\" data-settings=\"{&quot;background_background&quot;:&quot;classic&quot;}\">\n\t\t\t\t\t<div class=\"e-con-inner\">\n\t\t\t\t<div class=\"elementor-element elementor-element-c841691 elementor-widget elementor-widget-heading\" data-id=\"c841691\" data-element_type=\"widget\" data-widget_type=\"heading.default\">\n\t\t\t\t<div class=\"elementor-widget-container\">\n\t\t\t\t\t<h2 class=\"elementor-heading-title elementor-size-default\">Practices<\/h2>\t\t\t\t<\/div>\n\t\t\t\t<\/div>\n\t\t\t\t<div class=\"elementor-element elementor-element-d27e7f9 elementor-widget-divider--view-line elementor-widget elementor-widget-divider\" data-id=\"d27e7f9\" data-element_type=\"widget\" data-widget_type=\"divider.default\">\n\t\t\t\t<div class=\"elementor-widget-container\">\n\t\t\t\t\t\t\t<div class=\"elementor-divider\">\n\t\t\t<span class=\"elementor-divider-separator\">\n\t\t\t\t\t\t<\/span>\n\t\t<\/div>\n\t\t\t\t\t\t<\/div>\n\t\t\t\t<\/div>\n\t\t\t\t<div class=\"elementor-element elementor-element-eb36e7e wpr-list-style-none elementor-widget elementor-widget-wpr-posts-timeline\" data-id=\"eb36e7e\" data-element_type=\"widget\" data-settings=\"{&quot;animation_offset&quot;:150,&quot;aos_animation_duration&quot;:600}\" data-widget_type=\"wpr-posts-timeline.default\">\n\t\t\t\t<div class=\"elementor-widget-container\">\n\t\t\t\t\t\n\t\t<div class=\"wpr-wrapper wpr-vertical wpr-one-sided-wrapper\">\n\t\t\t<div class=\"wpr-timeline-centered wpr-line wpr-one-sided-timeline\"><div class=\"wpr-middle-line\"><\/div><div class=\"wpr-timeline-fill\" data-layout=\"one-sided\"><\/div><article class=\"wpr-timeline-entry wpr-right-aligned elementor-repeater-item-e9a4e02\" data-item-id=\"elementor-repeater-item-e9a4e02\"><div class=\"wpr-timeline-entry-inner\"><div class=\"wpr-main-line-icon wpr-icon\"><i aria-hidden=\"true\" class=\"fas fa-arrow-right\"><\/i><\/div><div class=\"wpr-story-info-vertical wpr-data-wrap\"  data-aos=\"fade\" data-aos-left=\"\" data-aos-right=\"\" data-animation-offset=\"150\" data-animation-duration=\"600\"><div class=\"wpr-timeline-content-wrapper\"><div class=\"wpr-content-wrapper\"><p class=\"wpr-title-wrap\"><span class=\"wpr-title\">Litigation and Competition Litigation<\/span><\/p><div class=\"wpr-description\"><p>Actions for damages arising from competition violations, such as cartels, exchange of sensitive information, unfair competition and other competition violations;<\/p><p>Court and arbitration disputes involving competition, civil, torts, corporate and real estate law;<\/p><p>Actions aimed at halting competition violations, such as market entry barriers, abuse of a dominant position, among others;<\/p><p>Reporting competition violations and submitting consultations with the Administrative Council for Economic Defense \u2013 CADE;<\/p><p>Legal Action (writs of mandamus or annulment actions) for judicial review of acts, fines and other sanctions imposed by CADE.<\/p><\/div><\/div><\/div><\/div>\n\t\t\t\t\t\t<\/div>\n\t\t\t\t<\/article><article class=\"wpr-timeline-entry wpr-right-aligned elementor-repeater-item-dce4898\" data-item-id=\"elementor-repeater-item-dce4898\"><div class=\"wpr-timeline-entry-inner\"><div class=\"wpr-main-line-icon wpr-icon\"><i aria-hidden=\"true\" class=\"fas fa-arrow-right\"><\/i><\/div><div class=\"wpr-story-info-vertical wpr-data-wrap\"  data-aos=\"fade\" data-aos-left=\"\" data-aos-right=\"\" data-animation-offset=\"150\" data-animation-duration=\"600\"><div class=\"wpr-timeline-content-wrapper\"><div class=\"wpr-content-wrapper\"><p class=\"wpr-title-wrap\"><span class=\"wpr-title\">Protection of Partners and Investors, and real estate transactions <\/span><\/p><div class=\"wpr-description\"><p>M&amp;A transactions and resolution of conflicts among equity holders;<\/p><p>Corporate reorganizations involving foreign companies (cross border transactions);<i>cross <\/i><i>border<\/i> <i>transactions<\/i>);<\/p><p>Monitoring the corporate routines of limited companies and corporations;<\/p><p>Succession planning;<\/p><p>Drafting and reviewing of domestic;<\/p><p>International contracts;<\/p><p>Real estate transactions and disputes.<\/p><\/div><\/div><\/div><\/div>\n\t\t\t\t\t\t<\/div>\n\t\t\t\t<\/article><article class=\"wpr-timeline-entry wpr-right-aligned elementor-repeater-item-a53fcb2\" data-item-id=\"elementor-repeater-item-a53fcb2\"><div class=\"wpr-timeline-entry-inner\"><div class=\"wpr-main-line-icon wpr-icon\"><i aria-hidden=\"true\" class=\"fas fa-arrow-right\"><\/i><\/div><div class=\"wpr-story-info-vertical wpr-data-wrap\"  data-aos=\"fade\" data-aos-left=\"\" data-aos-right=\"\" data-animation-offset=\"150\" data-animation-duration=\"600\"><div class=\"wpr-timeline-content-wrapper\"><div class=\"wpr-content-wrapper\"><p class=\"wpr-title-wrap\"><span class=\"wpr-title\">International Practice<\/span><\/p><div class=\"wpr-description\"><p>Advise on Brazilian law applicable in foreign disputes, focused on comparative law review of the applicable rules to a certain conflict;<\/p><p>Review of the applicable laws to cross-border agreements and contracts, as well as to certain specific acts or facts involving multiple jurisdictions;<\/p><p>Recognition of foreign judgments in Brazil;<\/p><p>Developing strategies and managing disputes in multiple jurisdictions;<\/p><p>Recognition of foreign judgments in Brazil.<\/p><\/div><\/div><\/div><\/div>\n\t\t\t\t\t\t<\/div>\n\t\t\t\t<\/article><\/div>    \n\t\t\t<\/div>\t\t\t\t<\/div>\n\t\t\t\t<\/div>\n\t\t\t\t\t<\/div>\n\t\t\t\t<\/div>\n\t\t<div class=\"elementor-element elementor-element-34b877f e-flex e-con-boxed e-con e-parent\" data-id=\"34b877f\" data-element_type=\"container\" id=\"equipe\" data-settings=\"{&quot;background_background&quot;:&quot;classic&quot;}\">\n\t\t\t\t\t<div class=\"e-con-inner\">\n\t\t\t\t<div class=\"elementor-element elementor-element-1b20890 elementor-widget elementor-widget-heading\" data-id=\"1b20890\" data-element_type=\"widget\" data-widget_type=\"heading.default\">\n\t\t\t\t<div class=\"elementor-widget-container\">\n\t\t\t\t\t<h2 class=\"elementor-heading-title elementor-size-default\">Members<\/h2>\t\t\t\t<\/div>\n\t\t\t\t<\/div>\n\t\t\t\t<div class=\"elementor-element elementor-element-473c73c elementor-widget elementor-widget-heading\" data-id=\"473c73c\" data-element_type=\"widget\" data-widget_type=\"heading.default\">\n\t\t\t\t<div class=\"elementor-widget-container\">\n\t\t\t\t\t<h2 class=\"elementor-heading-title elementor-size-default\">Our Attorneys<\/h2>\t\t\t\t<\/div>\n\t\t\t\t<\/div>\n\t\t\t\t<div class=\"elementor-element elementor-element-7ae6671 elementor-widget-divider--view-line elementor-widget elementor-widget-divider\" data-id=\"7ae6671\" data-element_type=\"widget\" data-widget_type=\"divider.default\">\n\t\t\t\t<div class=\"elementor-widget-container\">\n\t\t\t\t\t\t\t<div class=\"elementor-divider\">\n\t\t\t<span class=\"elementor-divider-separator\">\n\t\t\t\t\t\t<\/span>\n\t\t<\/div>\n\t\t\t\t\t\t<\/div>\n\t\t\t\t<\/div>\n\t\t<div class=\"elementor-element elementor-element-248650f e-con-full e-flex e-con e-child\" data-id=\"248650f\" data-element_type=\"container\">\n\t\t<div class=\"elementor-element elementor-element-a14cb98 e-con-full e-flex e-con e-child\" data-id=\"a14cb98\" data-element_type=\"container\">\n\t\t\t\t<div class=\"elementor-element elementor-element-e80ff14 wpr-team-member-social-media-center elementor-widget elementor-widget-wpr-team-member\" data-id=\"e80ff14\" data-element_type=\"widget\" data-widget_type=\"wpr-team-member.default\">\n\t\t\t\t<div class=\"elementor-widget-container\">\n\t\t\t\t\t\n\t<div class=\"wpr-team-member\">\n\t\t\t\t\t\n\t\t\t<div class=\"wpr-member-media\">\n\t\t\t\t<div class=\"wpr-member-image\">\n\t\t\t\t\t<img decoding=\"async\" src=\"https:\/\/kunzli.com.br\/wp-content\/uploads\/2023\/10\/willi-pb.jpg\" alt=\"Willi Sebastian K\u00fcnzli \">\n\t\t\t\t<\/div>\n\t\t\t\t\t\t\t<\/div>\n\t\t\t\t\n\t\t\n\t\t<div class=\"wpr-member-content\">\n\t\t\t<h3 class=\"wpr-member-name\">Willi Sebastian K\u00fcnzli <\/h3>\n\t\t\t\n\t\t\t\n\t\t\t\n\t\t\t\t\t\t\n\t\t\t\n\t\t<div class=\"wpr-member-social-media\">\n\t\t\t\n\t\t\t\t\t\t\t<a href=\"mailto:willi@kunzli.com.br\" class=\"wpr-member-social\">\n\t\t\t\t\t<i aria-hidden=\"true\" class=\"fas fa-envelope\"><\/i>\t\t\t\t<\/a>\n\t\t\t\t\t\n\t\t\t\t\t\t\t<a href=\"http:\/\/www.linkedin.com\/in\/willi-kunzli\" class=\"wpr-member-social\">\n\t\t\t\t\t<i aria-hidden=\"true\" class=\"fab fa-linkedin-in\"><\/i>\t\t\t\t<\/a>\n\t\t\t\n\t\t\t\n\t\t\t\n\t\t\t\n\t\t<\/div>\n\t\t\n\t\t\t\t<\/div>\n\n\t\t\t<\/div>\n\n\t\t\t\t\t<\/div>\n\t\t\t\t<\/div>\n\t\t\t\t<\/div>\n\t\t<div class=\"elementor-element elementor-element-b5feb69 e-con-full e-flex e-con e-child\" data-id=\"b5feb69\" data-element_type=\"container\">\n\t\t\t\t<div class=\"elementor-element elementor-element-9d295bb wpr-team-member-social-media-center elementor-widget elementor-widget-wpr-team-member\" data-id=\"9d295bb\" data-element_type=\"widget\" data-widget_type=\"wpr-team-member.default\">\n\t\t\t\t<div class=\"elementor-widget-container\">\n\t\t\t\t\t\n\t<div class=\"wpr-team-member\">\n\t\t\t\t\t\n\t\t\t<div class=\"wpr-member-media\">\n\t\t\t\t<div class=\"wpr-member-image\">\n\t\t\t\t\t<img decoding=\"async\" src=\"https:\/\/kunzli.com.br\/wp-content\/uploads\/2023\/11\/vanessa.jpg\" alt=\"Vanessa Paula dos Santos\">\n\t\t\t\t<\/div>\n\t\t\t\t\t\t\t<\/div>\n\t\t\t\t\n\t\t\n\t\t<div class=\"wpr-member-content\">\n\t\t\t<h3 class=\"wpr-member-name\">Vanessa Paula dos Santos<\/h3>\n\t\t\t\n\t\t\t\n\t\t\t\n\t\t\t\t\t\t\n\t\t\t\n\t\t<div class=\"wpr-member-social-media\">\n\t\t\t\n\t\t\t\t\t\t\t<a href=\"mailto:vanessa@kunzli.com.br\" class=\"wpr-member-social\">\n\t\t\t\t\t<i aria-hidden=\"true\" class=\"fas fa-envelope\"><\/i>\t\t\t\t<\/a>\n\t\t\t\t\t\n\t\t\t\t\t\t\t<a href=\"https:\/\/www.linkedin.com\/in\/vanessa-santos-402ab45a\/\" class=\"wpr-member-social\">\n\t\t\t\t\t<i aria-hidden=\"true\" class=\"fab fa-linkedin-in\"><\/i>\t\t\t\t<\/a>\n\t\t\t\n\t\t\t\n\t\t\t\n\t\t\t\n\t\t<\/div>\n\t\t\n\t\t\t\t<\/div>\n\n\t\t\t<\/div>\n\n\t\t\t\t\t<\/div>\n\t\t\t\t<\/div>\n\t\t\t\t<\/div>\n\t\t<div class=\"elementor-element elementor-element-273bebb e-con-full e-flex e-con e-child\" data-id=\"273bebb\" data-element_type=\"container\">\n\t\t\t\t<div class=\"elementor-element elementor-element-d7dd384 wpr-team-member-social-media-center elementor-widget elementor-widget-wpr-team-member\" data-id=\"d7dd384\" data-element_type=\"widget\" data-widget_type=\"wpr-team-member.default\">\n\t\t\t\t<div class=\"elementor-widget-container\">\n\t\t\t\t\t\n\t<div class=\"wpr-team-member\">\n\t\t\t\t\t\n\t\t\t<div class=\"wpr-member-media\">\n\t\t\t\t<div class=\"wpr-member-image\">\n\t\t\t\t\t<img decoding=\"async\" src=\"https:\/\/kunzli.com.br\/wp-content\/uploads\/2023\/10\/denis-pb.jpg\" alt=\"Denis Scarpato\">\n\t\t\t\t<\/div>\n\t\t\t\t\t\t\t<\/div>\n\t\t\t\t\n\t\t\n\t\t<div class=\"wpr-member-content\">\n\t\t\t<h3 class=\"wpr-member-name\">Denis Scarpato<\/h3>\n\t\t\t\n\t\t\t\n\t\t\t\n\t\t\t\t\t\t\n\t\t\t\n\t\t<div class=\"wpr-member-social-media\">\n\t\t\t\n\t\t\t\t\t\t\t<a href=\"mailto:denis@kunzli.com.br\" class=\"wpr-member-social\">\n\t\t\t\t\t<i aria-hidden=\"true\" class=\"fas fa-envelope\"><\/i>\t\t\t\t<\/a>\n\t\t\t\t\t\n\t\t\t\t\t\t\t<a href=\"https:\/\/www.linkedin.com\/in\/denis-scarpato-a24871102\/\" class=\"wpr-member-social\">\n\t\t\t\t\t<i aria-hidden=\"true\" class=\"fab fa-linkedin-in\"><\/i>\t\t\t\t<\/a>\n\t\t\t\n\t\t\t\n\t\t\t\n\t\t\t\n\t\t<\/div>\n\t\t\n\t\t\t\t<\/div>\n\n\t\t\t<\/div>\n\n\t\t\t\t\t<\/div>\n\t\t\t\t<\/div>\n\t\t\t\t<\/div>\n\t\t\t\t<\/div>\n\t\t\t\t\t<\/div>\n\t\t\t\t<\/div>\n\t\t<div class=\"elementor-element elementor-element-5d445f4 e-flex e-con-boxed e-con e-parent\" data-id=\"5d445f4\" data-element_type=\"container\" data-settings=\"{&quot;background_background&quot;:&quot;classic&quot;}\">\n\t\t\t\t\t<div class=\"e-con-inner\">\n\t\t\t\t<div class=\"elementor-element elementor-element-7fa800e wpr-stt-btn-align-fixed wpr-stt-btn-align-fixed-right elementor-widget elementor-widget-wpr-back-to-top\" data-id=\"7fa800e\" data-element_type=\"widget\" data-widget_type=\"wpr-back-to-top.default\">\n\t\t\t\t<div class=\"elementor-widget-container\">\n\t\t\t\t\t<div class=\"wpr-stt-wrapper\"><div class='wpr-stt-btn' data-settings='{&quot;animation&quot;:&quot;slide&quot;,&quot;animationOffset&quot;:&quot;0&quot;,&quot;animationDuration&quot;:&quot;200&quot;,&quot;fixed&quot;:&quot;fixed&quot;,&quot;scrolAnim&quot;:&quot;800&quot;}'><span class=\"wpr-stt-icon\"><i class=\"fas fa-chevron-up\"><\/i><\/span><\/div><\/div>\t\t\t\t<\/div>\n\t\t\t\t<\/div>\n\t\t\t\t\t<\/div>\n\t\t\t\t<\/div>\n\t\t\t\t<\/div>","protected":false},"excerpt":{"rendered":"<p>Benvindo a K\u00fcnzli Advogados Defending Rights. Defending Rights. Crafting Solutions. Crafting Solutions. K\u00fcnzli Advogados Apresenta\u00e7\u00e3o O K\u00fcnzli Advogados tem como principal foco a presta\u00e7\u00e3o de assist\u00eancia jur\u00eddica para cessa\u00e7\u00e3o ou repara\u00e7\u00e3o de viola\u00e7\u00f5es concorrenciais\/antitruste, al\u00e9m de oferecer suporte a empresas de diversos portes em transa\u00e7\u00f5es societ\u00e1rias e imobili\u00e1rias. A funda\u00e7\u00e3o do escrit\u00f3rio resultou da colabora\u00e7\u00e3o entre advogados com um forte senso de justi\u00e7a e comprometimento com a promo\u00e7\u00e3o da governan\u00e7a respons\u00e1vel, sustentabilidade ambiental e responsabilidade social. Nossos advogados possuem ampla experi\u00eancia de advocacia e departamentos jur\u00eddicos de grandes empresas, o que os capacita a compreender e direcionar-se pelos neg\u00f3cios e objetivos dos clientes, sem negligenciar os valores e a responsabilidade social que guiam nossa atua\u00e7\u00e3o. \u00c1reas de Atua\u00e7\u00e3o Contencioso e Contencioso Concorrencial A\u00e7\u00f5es C\u00edveis Judiciais e Procedimentos de Arbitragens; A\u00e7\u00f5es de repara\u00e7\u00e3o de danos por danos decorrentes de viola\u00e7\u00f5es concorrenciais, tais como cartel, troca de informa\u00e7\u00f5es sens\u00edveis, concorr\u00eancia desleal e outras viola\u00e7\u00f5es concorrenciais; A\u00e7\u00f5es visando a cessa\u00e7\u00e3o de viola\u00e7\u00f5es concorrenciais, tais como barreiras de entrada em mercado, abuso de posi\u00e7\u00e3o dominante, entre outros; Den\u00fancia de infra\u00e7\u00f5es \u00e0 ordem econ\u00f4mica e consultas ao Conselho Administrativo de Defesa Econ\u00f4mica \u2013 CADE; A\u00e7\u00f5es (tais como Mandados de Seguran\u00e7a ou A\u00e7\u00f5es Anulat\u00f3rias) para Revis\u00e3o Judicial de Atos, Multas e outras san\u00e7\u00f5es impostas pelo CADE. Prote\u00e7\u00e3o de S\u00f3cios e Investidores Opera\u00e7\u00f5es de M&amp;A e resolu\u00e7\u00e3o de conflitos entre s\u00f3cios; Reorganiza\u00e7\u00e3o societ\u00e1ria envolvendo empresas estrangeiras (cross border transactions); Acompanhamento da vida societ\u00e1ria de empresas Ltda. e S.A.; Reestrutura\u00e7\u00e3o sucess\u00f3ria; Elabora\u00e7\u00e3o e revis\u00e3o de contratos em geral; Contratos internacionais; Opera\u00e7\u00f5es envolvendo direito imobili\u00e1rio. Atua\u00e7\u00e3o Internacional Investimentos estrangeiros no Brasil e de brasileiros no exterior; Atua\u00e7\u00e3o perante o Banco Central do Brasil para registro de opera\u00e7\u00f5es; Negocia\u00e7\u00e3o de contratos internacionais com aplica\u00e7\u00e3o das principais legisla\u00e7\u00f5es estrangeiras; Desenvolvimento de Estrat\u00e9gias e Administra\u00e7\u00e3o de Lit\u00edgios em M\u00faltiplas Jurisdi\u00e7\u00f5es; Reconhecimento de senten\u00e7as estrangeiras no Brasil. A equipe Nossos Advogados Willi Sebastian K\u00fcnzli Vanessa Paula dos Santos Denis Scarpato<\/p>","protected":false},"author":1,"featured_media":0,"parent":0,"menu_order":0,"comment_status":"closed","ping_status":"closed","template":"elementor_theme","meta":{"footnotes":""},"class_list":["post-3912","page","type-page","status-publish","hentry"],"_links":{"self":[{"href":"https:\/\/kunzli.com.br\/en\/wp-json\/wp\/v2\/pages\/3912"}],"collection":[{"href":"https:\/\/kunzli.com.br\/en\/wp-json\/wp\/v2\/pages"}],"about":[{"href":"https:\/\/kunzli.com.br\/en\/wp-json\/wp\/v2\/types\/page"}],"author":[{"embeddable":true,"href":"https:\/\/kunzli.com.br\/en\/wp-json\/wp\/v2\/users\/1"}],"replies":[{"embeddable":true,"href":"https:\/\/kunzli.com.br\/en\/wp-json\/wp\/v2\/comments?post=3912"}],"version-history":[{"count":181,"href":"https:\/\/kunzli.com.br\/en\/wp-json\/wp\/v2\/pages\/3912\/revisions"}],"predecessor-version":[{"id":4729,"href":"https:\/\/kunzli.com.br\/en\/wp-json\/wp\/v2\/pages\/3912\/revisions\/4729"}],"wp:attachment":[{"href":"https:\/\/kunzli.com.br\/en\/wp-json\/wp\/v2\/media?parent=3912"}],"curies":[{"name":"wp","href":"https:\/\/api.w.org\/{rel}","templated":true}]}}